{"id":7384,"date":"2021-12-10T10:33:19","date_gmt":"2021-12-10T10:33:19","guid":{"rendered":"http:\/\/blackorchid.es\/product\/collier-tesoro-de-toledo\/"},"modified":"2022-06-08T09:42:51","modified_gmt":"2022-06-08T09:42:51","slug":"collier-tesoro-de-toledo","status":"publish","type":"product","link":"https:\/\/blackorchid.es\/fr\/product\/collier-tesoro-de-toledo\/","title":{"rendered":"Collier \u00ab\u00a0Tesoro de Toledo\u00a0\u00bb"},"content":{"rendered":"<p><i>Collier \u00ab\u00a0Clementino\u00a0\u00bb pi\u00e8ce unique de la collection \u00ab\u00a0Tesoro de Toledo\u00a0\u00bb<\/i><\/p>\n<p>Collier compos\u00e9 d&rsquo;un ancien pendentif de Tol\u00e8de, fin XIX\u00e8me en acier damasquin\u00e9 \u00e0 l&rsquo;or fin, b\u00e9li\u00e8re et cha\u00eene en or jaune 750\/1000<\/p>\n<p>Ce collier est une pi\u00e8ce unique.<\/p>\n<p>Poids total 12,81grs<\/p>\n<p>Poids de la chaine or jaune 750\/1000 2,76grs<\/p>\n","protected":false},"excerpt":{"rendered":"<p>Collier compos\u00e9 d&rsquo;un ancien pendentif de Tol\u00e8de, fin XIX\u00e8me en acier damasquin\u00e9 \u00e0 l&rsquo;or fin, b\u00e9li\u00e8re et cha\u00eene en or jaune 750\/1000<\/p>\n","protected":false},"featured_media":6971,"template":"","meta":[],"product_brand":[],"product_cat":[107,117],"product_tag":[],"class_list":{"0":"post-7384","1":"product","2":"type-product","3":"status-publish","4":"has-post-thumbnail","6":"product_cat-limited-edition-fr","7":"product_cat-tesoro-de-toledo-fr","9":"first","10":"instock","11":"taxable","12":"shipping-taxable","13":"purchasable","14":"product-type-simple"},"_links":{"self":[{"href":"https:\/\/blackorchid.es\/fr\/wp-json\/wp\/v2\/product\/7384"}],"collection":[{"href":"https:\/\/blackorchid.es\/fr\/wp-json\/wp\/v2\/product"}],"about":[{"href":"https:\/\/blackorchid.es\/fr\/wp-json\/wp\/v2\/types\/product"}],"wp:featuredmedia":[{"embeddable":true,"href":"https:\/\/blackorchid.es\/fr\/wp-json\/wp\/v2\/media\/6971"}],"wp:attachment":[{"href":"https:\/\/blackorchid.es\/fr\/wp-json\/wp\/v2\/media?parent=7384"}],"wp:term":[{"taxonomy":"product_brand","embeddable":true,"href":"https:\/\/blackorchid.es\/fr\/wp-json\/wp\/v2\/product_brand?post=7384"},{"taxonomy":"product_cat","embeddable":true,"href":"https:\/\/blackorchid.es\/fr\/wp-json\/wp\/v2\/product_cat?post=7384"},{"taxonomy":"product_tag","embeddable":true,"href":"https:\/\/blackorchid.es\/fr\/wp-json\/wp\/v2\/product_tag?post=7384"}],"curies":[{"name":"wp","href":"https:\/\/api.w.org\/{rel}","templated":true}]}}