{"id":7566,"date":"2021-12-10T10:33:03","date_gmt":"2021-12-10T10:33:03","guid":{"rendered":"http:\/\/blackorchid.es\/product\/collier-dragon\/"},"modified":"2022-02-23T16:20:40","modified_gmt":"2022-02-23T16:20:40","slug":"necklace-dragon","status":"publish","type":"product","link":"https:\/\/blackorchid.es\/fr\/product\/necklace-dragon\/","title":{"rendered":"Necklace \u00ab\u00a0Dragon\u00a0\u00bb"},"content":{"rendered":"<p><i>Collier \u00ab\u00a0Dragon\u00a0\u00bb pi\u00e8ce unique de la collection Tesoro de Toledo<\/i><\/p>\n<p>Collier compos\u00e9 d&rsquo;un pendentif ancien de Tol\u00e8de fin XIX\u00e8me en acier damasquin\u00e9 \u00e0 l&rsquo;or fin, b\u00e9li\u00e8re en or 750\/1000 avec 7 diamants noirs, cha\u00eene en or jaune 750\/1000.<\/p>\n<p>Ce collier est une pi\u00e8ce unique.<\/p>\n<p>Poids total 12,17grs<\/p>\n<p>Poids cha\u00eene 2,35grs<\/p>\n","protected":false},"excerpt":{"rendered":"<p>Collier compos\u00e9 d&rsquo;un ancien pendentif tol\u00e9dan de la fin du 19\u00e8me si\u00e8cle en acier damasquin\u00e9 \u00e0 l&rsquo;or fin, anse en or 750\/1000 avec 7 diamants noirs, cha\u00eene en or jaune 750\/1000.<\/p>\n","protected":false},"featured_media":6973,"template":"","meta":[],"product_brand":[],"product_cat":[107,117,108],"product_tag":[],"class_list":{"0":"post-7566","1":"product","2":"type-product","3":"status-publish","4":"has-post-thumbnail","6":"product_cat-limited-edition-fr","7":"product_cat-tesoro-de-toledo-fr","8":"product_cat-vintage-fr","10":"first","11":"instock","12":"taxable","13":"shipping-taxable","14":"purchasable","15":"product-type-simple"},"_links":{"self":[{"href":"https:\/\/blackorchid.es\/fr\/wp-json\/wp\/v2\/product\/7566"}],"collection":[{"href":"https:\/\/blackorchid.es\/fr\/wp-json\/wp\/v2\/product"}],"about":[{"href":"https:\/\/blackorchid.es\/fr\/wp-json\/wp\/v2\/types\/product"}],"wp:featuredmedia":[{"embeddable":true,"href":"https:\/\/blackorchid.es\/fr\/wp-json\/wp\/v2\/media\/6973"}],"wp:attachment":[{"href":"https:\/\/blackorchid.es\/fr\/wp-json\/wp\/v2\/media?parent=7566"}],"wp:term":[{"taxonomy":"product_brand","embeddable":true,"href":"https:\/\/blackorchid.es\/fr\/wp-json\/wp\/v2\/product_brand?post=7566"},{"taxonomy":"product_cat","embeddable":true,"href":"https:\/\/blackorchid.es\/fr\/wp-json\/wp\/v2\/product_cat?post=7566"},{"taxonomy":"product_tag","embeddable":true,"href":"https:\/\/blackorchid.es\/fr\/wp-json\/wp\/v2\/product_tag?post=7566"}],"curies":[{"name":"wp","href":"https:\/\/api.w.org\/{rel}","templated":true}]}}