{"id":7572,"date":"2021-12-10T10:32:28","date_gmt":"2021-12-10T10:32:28","guid":{"rendered":"http:\/\/blackorchid.es\/product\/collier-esprit\/"},"modified":"2022-06-08T08:48:29","modified_gmt":"2022-06-08T08:48:29","slug":"collier-esprit","status":"publish","type":"product","link":"https:\/\/blackorchid.es\/fr\/product\/collier-esprit\/","title":{"rendered":"Collier \u00ab\u00a0Esprit\u00a0\u00bb"},"content":{"rendered":"<p><i><br \/>\nCollier collection \u00ab\u00a0Sentimentale\u00a0\u00bb.<\/i><\/p>\n<p>Collier compos\u00e9 de perles blanches de nacre de b\u00e9nitier de 6 \u00e0 12 mm et d&rsquo;un pendentif oiseau en argent 925\/1000.<span class=\"Apple-converted-space\"> <\/span><\/p>\n<p>Longueur du pendentif central, perle et oiseau 4,2 cm<\/p>\n<p>Longueur du collier 43 cm<\/p>\n<p>Poids total 59.13grs<\/p>\n","protected":false},"excerpt":{"rendered":"<p>Collier compos\u00e9 de perles de nacre de b\u00e9nitier blanches de 6 \u00e0 12 mm et d&rsquo;un pendentif oiseau en argent 925\/1000.<\/p>\n","protected":false},"featured_media":6985,"template":"","meta":[],"product_brand":[],"product_cat":[121],"product_tag":[],"class_list":{"0":"post-7572","1":"product","2":"type-product","3":"status-publish","4":"has-post-thumbnail","6":"product_cat-sentimental-fr","8":"first","9":"instock","10":"taxable","11":"shipping-taxable","12":"purchasable","13":"product-type-simple"},"_links":{"self":[{"href":"https:\/\/blackorchid.es\/fr\/wp-json\/wp\/v2\/product\/7572"}],"collection":[{"href":"https:\/\/blackorchid.es\/fr\/wp-json\/wp\/v2\/product"}],"about":[{"href":"https:\/\/blackorchid.es\/fr\/wp-json\/wp\/v2\/types\/product"}],"wp:featuredmedia":[{"embeddable":true,"href":"https:\/\/blackorchid.es\/fr\/wp-json\/wp\/v2\/media\/6985"}],"wp:attachment":[{"href":"https:\/\/blackorchid.es\/fr\/wp-json\/wp\/v2\/media?parent=7572"}],"wp:term":[{"taxonomy":"product_brand","embeddable":true,"href":"https:\/\/blackorchid.es\/fr\/wp-json\/wp\/v2\/product_brand?post=7572"},{"taxonomy":"product_cat","embeddable":true,"href":"https:\/\/blackorchid.es\/fr\/wp-json\/wp\/v2\/product_cat?post=7572"},{"taxonomy":"product_tag","embeddable":true,"href":"https:\/\/blackorchid.es\/fr\/wp-json\/wp\/v2\/product_tag?post=7572"}],"curies":[{"name":"wp","href":"https:\/\/api.w.org\/{rel}","templated":true}]}}