{"id":8309,"date":"2022-06-09T08:51:07","date_gmt":"2022-06-09T08:51:07","guid":{"rendered":"http:\/\/blackorchid.es\/?post_type=product&#038;p=8309"},"modified":"2022-06-09T09:39:03","modified_gmt":"2022-06-09T09:39:03","slug":"collier-petit-cheval","status":"publish","type":"product","link":"https:\/\/blackorchid.es\/fr\/product\/collier-petit-cheval\/","title":{"rendered":"Collier Petit Cheval"},"content":{"rendered":"<p><i>Collection \u00ab\u00a0Equestria\u00a0\u00bb<\/i><\/p>\n<p>Collier \u00ab\u00a0Petit Cheval\u00a0\u00bb m\u00e9daille en argent 925\/1000, grav\u00e9e \u00e0 la main. Livr\u00e9e avec un cordon de soie japonaise grise de 40 cm avec un fermoir en argent 925\/1000.<\/p>\n<p>Dimensions de la m\u00e9daille: 1.7 x 1.9  cm <\/p>\n<p>Poids: 2.26 gr<\/p>\n","protected":false},"excerpt":{"rendered":"<p>Collier \u00ab\u00a0Petit Cheval\u00a0\u00bb m\u00e9daille en argent 925\/1000<\/p>\n","protected":false},"featured_media":7003,"template":"","meta":[],"product_brand":[],"product_cat":[115],"product_tag":[],"class_list":{"0":"post-8309","1":"product","2":"type-product","3":"status-publish","4":"has-post-thumbnail","6":"product_cat-equestria-fr","8":"first","9":"instock","10":"taxable","11":"shipping-taxable","12":"product-type-simple"},"_links":{"self":[{"href":"https:\/\/blackorchid.es\/fr\/wp-json\/wp\/v2\/product\/8309"}],"collection":[{"href":"https:\/\/blackorchid.es\/fr\/wp-json\/wp\/v2\/product"}],"about":[{"href":"https:\/\/blackorchid.es\/fr\/wp-json\/wp\/v2\/types\/product"}],"wp:featuredmedia":[{"embeddable":true,"href":"https:\/\/blackorchid.es\/fr\/wp-json\/wp\/v2\/media\/7003"}],"wp:attachment":[{"href":"https:\/\/blackorchid.es\/fr\/wp-json\/wp\/v2\/media?parent=8309"}],"wp:term":[{"taxonomy":"product_brand","embeddable":true,"href":"https:\/\/blackorchid.es\/fr\/wp-json\/wp\/v2\/product_brand?post=8309"},{"taxonomy":"product_cat","embeddable":true,"href":"https:\/\/blackorchid.es\/fr\/wp-json\/wp\/v2\/product_cat?post=8309"},{"taxonomy":"product_tag","embeddable":true,"href":"https:\/\/blackorchid.es\/fr\/wp-json\/wp\/v2\/product_tag?post=8309"}],"curies":[{"name":"wp","href":"https:\/\/api.w.org\/{rel}","templated":true}]}}