{"id":8311,"date":"2022-06-09T08:48:44","date_gmt":"2022-06-09T08:48:44","guid":{"rendered":"http:\/\/blackorchid.es\/?post_type=product&#038;p=8311"},"modified":"2022-06-09T09:47:11","modified_gmt":"2022-06-09T09:47:11","slug":"collier-cheval","status":"publish","type":"product","link":"https:\/\/blackorchid.es\/fr\/product\/collier-cheval\/","title":{"rendered":"Collier Cheval"},"content":{"rendered":"<p><i>Collection \u00ab\u00a0Equestria\u00a0\u00bb<\/i><\/p>\n<p>Magnifique pendentif \u00ab\u00a0Cheval\u00a0\u00bb en argent 925\/1000, grav\u00e9 \u00e0 la main. Livr\u00e9 avec un cordon de soie japonaise grise de 40 cm et un fermoir en argent 925\/1000.<\/p>\n<p>Diam\u00e8tre pendentif: 1.6 cm <\/p>\n<p>Poids: 1.25 gr<\/p>\n","protected":false},"excerpt":{"rendered":"<p>Magnifique pendentif \u00ab\u00a0Cheval\u00a0\u00bb en argent 925\/1000<\/p>\n","protected":false},"featured_media":6995,"template":"","meta":[],"product_brand":[],"product_cat":[115],"product_tag":[],"class_list":{"0":"post-8311","1":"product","2":"type-product","3":"status-publish","4":"has-post-thumbnail","6":"product_cat-equestria-fr","8":"first","9":"instock","10":"taxable","11":"shipping-taxable","12":"product-type-simple"},"_links":{"self":[{"href":"https:\/\/blackorchid.es\/fr\/wp-json\/wp\/v2\/product\/8311"}],"collection":[{"href":"https:\/\/blackorchid.es\/fr\/wp-json\/wp\/v2\/product"}],"about":[{"href":"https:\/\/blackorchid.es\/fr\/wp-json\/wp\/v2\/types\/product"}],"wp:featuredmedia":[{"embeddable":true,"href":"https:\/\/blackorchid.es\/fr\/wp-json\/wp\/v2\/media\/6995"}],"wp:attachment":[{"href":"https:\/\/blackorchid.es\/fr\/wp-json\/wp\/v2\/media?parent=8311"}],"wp:term":[{"taxonomy":"product_brand","embeddable":true,"href":"https:\/\/blackorchid.es\/fr\/wp-json\/wp\/v2\/product_brand?post=8311"},{"taxonomy":"product_cat","embeddable":true,"href":"https:\/\/blackorchid.es\/fr\/wp-json\/wp\/v2\/product_cat?post=8311"},{"taxonomy":"product_tag","embeddable":true,"href":"https:\/\/blackorchid.es\/fr\/wp-json\/wp\/v2\/product_tag?post=8311"}],"curies":[{"name":"wp","href":"https:\/\/api.w.org\/{rel}","templated":true}]}}