{"id":8316,"date":"2022-06-09T08:45:04","date_gmt":"2022-06-09T08:45:04","guid":{"rendered":"http:\/\/blackorchid.es\/?post_type=product&#038;p=8316"},"modified":"2022-06-09T09:54:54","modified_gmt":"2022-06-09T09:54:54","slug":"collier-licorne","status":"publish","type":"product","link":"https:\/\/blackorchid.es\/fr\/product\/collier-licorne\/","title":{"rendered":"Collier Licorne"},"content":{"rendered":"<p><i>Collection \u00ab\u00a0Equestria\u00a0\u00bb <\/i><\/p>\n<p>Magnifique pendentif \u00ab\u00a0Licorne\u00a0\u00bb en argent 925\/1000, grav\u00e9 \u00e0 la main. Livr\u00e9 avec un cordon de soie japonaise grise de 40 cm avec un fermoir en argent 925\/1000.<\/p>\n<p>Dimensions du pendentif: 2.6 x 2 cm<\/p>\n<p>Poids: 2.03 gr<\/p>\n","protected":false},"excerpt":{"rendered":"<p>Magnifique pendentif \u00ab\u00a0Licorne\u00a0\u00bb en argent 925\/1000<\/p>\n","protected":false},"featured_media":6999,"template":"","meta":[],"product_brand":[],"product_cat":[115],"product_tag":[],"class_list":{"0":"post-8316","1":"product","2":"type-product","3":"status-publish","4":"has-post-thumbnail","6":"product_cat-equestria-fr","8":"first","9":"instock","10":"taxable","11":"shipping-taxable","12":"product-type-simple"},"_links":{"self":[{"href":"https:\/\/blackorchid.es\/fr\/wp-json\/wp\/v2\/product\/8316"}],"collection":[{"href":"https:\/\/blackorchid.es\/fr\/wp-json\/wp\/v2\/product"}],"about":[{"href":"https:\/\/blackorchid.es\/fr\/wp-json\/wp\/v2\/types\/product"}],"wp:featuredmedia":[{"embeddable":true,"href":"https:\/\/blackorchid.es\/fr\/wp-json\/wp\/v2\/media\/6999"}],"wp:attachment":[{"href":"https:\/\/blackorchid.es\/fr\/wp-json\/wp\/v2\/media?parent=8316"}],"wp:term":[{"taxonomy":"product_brand","embeddable":true,"href":"https:\/\/blackorchid.es\/fr\/wp-json\/wp\/v2\/product_brand?post=8316"},{"taxonomy":"product_cat","embeddable":true,"href":"https:\/\/blackorchid.es\/fr\/wp-json\/wp\/v2\/product_cat?post=8316"},{"taxonomy":"product_tag","embeddable":true,"href":"https:\/\/blackorchid.es\/fr\/wp-json\/wp\/v2\/product_tag?post=8316"}],"curies":[{"name":"wp","href":"https:\/\/api.w.org\/{rel}","templated":true}]}}