{"id":8318,"date":"2022-06-09T08:41:07","date_gmt":"2022-06-09T08:41:07","guid":{"rendered":"http:\/\/blackorchid.es\/?post_type=product&#038;p=8318"},"modified":"2022-06-09T10:00:34","modified_gmt":"2022-06-09T10:00:34","slug":"collier-pegase","status":"publish","type":"product","link":"https:\/\/blackorchid.es\/fr\/product\/collier-pegase\/","title":{"rendered":"Collier Pegase"},"content":{"rendered":"<p><i> Collection \u00ab\u00a0Equestria\u00a0\u00bb <\/i><\/p>\n<p>Magnifique pendentif \u00ab\u00a0P\u00e9gase\u00a0\u00bb en argent 925\/1000, grav\u00e9 \u00e0 la main. Livr\u00e9 avec un cordon de soie japonaise grise de 40 cm avec un fermoir en argent 925\/1000.<\/p>\n<p>Dimensions du pendentif : 2,5 x 1,9 cm<\/p>\n<p>Poids : 2,30 gr<\/p>\n","protected":false},"excerpt":{"rendered":"<p>Collier avec pendentif \u00ab\u00a0P\u00e9gase\u00a0\u00bb en argent 925\/1000<\/p>\n","protected":false},"featured_media":6991,"template":"","meta":[],"product_brand":[],"product_cat":[115],"product_tag":[],"class_list":{"0":"post-8318","1":"product","2":"type-product","3":"status-publish","4":"has-post-thumbnail","6":"product_cat-equestria-fr","8":"first","9":"instock","10":"taxable","11":"shipping-taxable","12":"product-type-simple"},"_links":{"self":[{"href":"https:\/\/blackorchid.es\/fr\/wp-json\/wp\/v2\/product\/8318"}],"collection":[{"href":"https:\/\/blackorchid.es\/fr\/wp-json\/wp\/v2\/product"}],"about":[{"href":"https:\/\/blackorchid.es\/fr\/wp-json\/wp\/v2\/types\/product"}],"wp:featuredmedia":[{"embeddable":true,"href":"https:\/\/blackorchid.es\/fr\/wp-json\/wp\/v2\/media\/6991"}],"wp:attachment":[{"href":"https:\/\/blackorchid.es\/fr\/wp-json\/wp\/v2\/media?parent=8318"}],"wp:term":[{"taxonomy":"product_brand","embeddable":true,"href":"https:\/\/blackorchid.es\/fr\/wp-json\/wp\/v2\/product_brand?post=8318"},{"taxonomy":"product_cat","embeddable":true,"href":"https:\/\/blackorchid.es\/fr\/wp-json\/wp\/v2\/product_cat?post=8318"},{"taxonomy":"product_tag","embeddable":true,"href":"https:\/\/blackorchid.es\/fr\/wp-json\/wp\/v2\/product_tag?post=8318"}],"curies":[{"name":"wp","href":"https:\/\/api.w.org\/{rel}","templated":true}]}}